{"id":294,"date":"2020-06-15T16:43:02","date_gmt":"2020-06-15T16:43:02","guid":{"rendered":"http:\/\/maartenwilmink.com\/biography\/"},"modified":"2025-12-15T17:07:16","modified_gmt":"2025-12-15T16:07:16","slug":"biography","status":"publish","type":"page","link":"https:\/\/maartenwilmink.com\/nl\/biography\/","title":{"rendered":"Biography"},"content":{"rendered":"\t\t<div data-elementor-type=\"wp-page\" data-elementor-id=\"294\" class=\"elementor elementor-294\">\n\t\t\t\t\t\t<section class=\"elementor-section elementor-top-section elementor-element elementor-element-96c7d45 elementor-section-height-min-height elementor-section-items-bottom elementor-section-boxed elementor-section-height-default\" data-id=\"96c7d45\" data-element_type=\"section\" data-settings=\"{&quot;background_background&quot;:&quot;classic&quot;}\">\n\t\t\t\t\t\t\t<div class=\"elementor-background-overlay\"><\/div>\n\t\t\t\t\t\t\t<div class=\"elementor-container elementor-column-gap-no\">\n\t\t\t\t\t<div class=\"elementor-column elementor-col-100 elementor-top-column elementor-element elementor-element-25cfc78\" data-id=\"25cfc78\" data-element_type=\"column\">\n\t\t\t<div class=\"elementor-widget-wrap elementor-element-populated\">\n\t\t\t\t\t\t<div class=\"elementor-element elementor-element-1467566 elementor-widget elementor-widget-heading\" data-id=\"1467566\" data-element_type=\"widget\" data-widget_type=\"heading.default\">\n\t\t\t\t<div class=\"elementor-widget-container\">\n\t\t\t\t\t<h1 class=\"elementor-heading-title elementor-size-default\">Biography<\/h1>\t\t\t\t<\/div>\n\t\t\t\t<\/div>\n\t\t\t\t<div class=\"elementor-element elementor-element-8779999 elementor-widget-divider--view-line elementor-widget elementor-widget-divider\" data-id=\"8779999\" data-element_type=\"widget\" data-widget_type=\"divider.default\">\n\t\t\t\t<div class=\"elementor-widget-container\">\n\t\t\t\t\t\t\t<div class=\"elementor-divider\">\n\t\t\t<span class=\"elementor-divider-separator\">\n\t\t\t\t\t\t<\/span>\n\t\t<\/div>\n\t\t\t\t\t\t<\/div>\n\t\t\t\t<\/div>\n\t\t\t\t\t<\/div>\n\t\t<\/div>\n\t\t\t\t\t<\/div>\n\t\t<\/section>\n\t\t\t\t<section class=\"elementor-section elementor-top-section elementor-element elementor-element-66468e1 elementor-section-content-middle elementor-section-boxed elementor-section-height-default elementor-section-height-default\" data-id=\"66468e1\" data-element_type=\"section\">\n\t\t\t\t\t\t\t<div class=\"elementor-background-overlay\"><\/div>\n\t\t\t\t\t\t\t<div class=\"elementor-container elementor-column-gap-no\">\n\t\t\t\t\t<div class=\"elementor-column elementor-col-100 elementor-top-column elementor-element elementor-element-ec0c66a\" data-id=\"ec0c66a\" data-element_type=\"column\">\n\t\t\t<div class=\"elementor-widget-wrap elementor-element-populated\">\n\t\t\t\t\t\t<section class=\"elementor-section elementor-inner-section elementor-element elementor-element-6db093d elementor-section-boxed elementor-section-height-default elementor-section-height-default\" data-id=\"6db093d\" data-element_type=\"section\">\n\t\t\t\t\t\t<div class=\"elementor-container elementor-column-gap-no\">\n\t\t\t\t\t<div class=\"elementor-column elementor-col-100 elementor-inner-column elementor-element elementor-element-e0bab35\" data-id=\"e0bab35\" data-element_type=\"column\">\n\t\t\t<div class=\"elementor-widget-wrap elementor-element-populated\">\n\t\t\t\t\t\t<div class=\"elementor-element elementor-element-bacff46 elementor-widget elementor-widget-heading\" data-id=\"bacff46\" data-element_type=\"widget\" data-widget_type=\"heading.default\">\n\t\t\t\t<div class=\"elementor-widget-container\">\n\t\t\t\t\t<h3 class=\"elementor-heading-title elementor-size-default\">Curriculum vitae<\/h3>\t\t\t\t<\/div>\n\t\t\t\t<\/div>\n\t\t\t\t<div class=\"elementor-element elementor-element-b5f8d7d elementor-widget-divider--view-line elementor-widget elementor-widget-divider\" data-id=\"b5f8d7d\" data-element_type=\"widget\" data-widget_type=\"divider.default\">\n\t\t\t\t<div class=\"elementor-widget-container\">\n\t\t\t\t\t\t\t<div class=\"elementor-divider\">\n\t\t\t<span class=\"elementor-divider-separator\">\n\t\t\t\t\t\t<\/span>\n\t\t<\/div>\n\t\t\t\t\t\t<\/div>\n\t\t\t\t<\/div>\n\t\t\t\t\t<\/div>\n\t\t<\/div>\n\t\t\t\t\t<\/div>\n\t\t<\/section>\n\t\t\t\t<section class=\"elementor-section elementor-inner-section elementor-element elementor-element-685c10c elementor-section-boxed elementor-section-height-default elementor-section-height-default\" data-id=\"685c10c\" data-element_type=\"section\">\n\t\t\t\t\t\t<div class=\"elementor-container elementor-column-gap-no\">\n\t\t\t\t\t<div class=\"elementor-column elementor-col-100 elementor-inner-column elementor-element elementor-element-54a4cd1\" data-id=\"54a4cd1\" data-element_type=\"column\">\n\t\t\t<div class=\"elementor-widget-wrap elementor-element-populated\">\n\t\t\t\t\t\t<div class=\"elementor-element elementor-element-b2f141f elementor-widget elementor-widget-text-editor\" data-id=\"b2f141f\" data-element_type=\"widget\" data-widget_type=\"text-editor.default\">\n\t\t\t\t<div class=\"elementor-widget-container\">\n\t\t\t\t\t\t\t\t\t<p>Maarten Wilmink werd geboren in 2001 en raakte op 12-jarige leeftijd gefascineerd door het orgel. Inmiddels voerde zijn concertagenda hem onder meer naar Duitsland, Frankrijk, Oostenrijk, Itali\u00eb en Litouwen. Hij speelde concerten in onder andere de Notre-Dame te Parijs, de Dom van Innsbruck en de kathedraal van Udine en werd eersteprijswinnaar van verschillende orgelconcoursen. Per januari 2026 is hij benoemd tot titulair organist van de Kathedrale Basiliek St. Bavo te Haarlem.<\/p><p>\u00a0<\/p><p>Zijn orgelstudie begon in 2014 bij Louis ten Vregelaar en vervolgde hij in 2019 aan het conservatorium in Rotterdam. Hier studeerde hij bij Ben van Oosten en Zuzana Ferjen\u010d\u00edkov\u00e1. Daarnaast studeerde hij daar ook improvisatie bij Hayo Boerema en rondde hij de studie kerkmuziek af. Zowel zijn bachelor- als zijn master-examen orgel werden met een 10 beoordeeld en sloot hij daarmee beide summa cum laude af. Momenteel studeert hij bij Notre-Dame organist Vincent Dubois voor het Konzertexamen Orgel in Saarbr\u00fccken (Duitsland).<\/p><p>\u00a0<\/p><p>Naast zijn soloconcerten, treedt hij solistisch op met orkesten en begeleidt hij regelmatig koren en ensembles. Ook heeft hij een YouTube-kanaal waarop hij eigen opnames publiceert. Als kerkmusicus is hij sinds 2022 verbonden aan de St.- Stephanuskerk te Borne alwaar hij is aangesteld tot organist-dirigent. Voor de periode 2023-2024 ontving hij een tweejarige benoeming als organ scholar in Ratingen (Duitsland). Meermaals speelde hij tijdens Missen die live werden uitgezonden op NPO 2. Naast zijn activiteiten als uitvoerend musicus, is hij ook actief als priv\u00e9docent orgel.<br \/><br \/>Maarten Wilmink werd prijswinnaar bij verschillende orgelconcoursen. Hij won eerste prijzen tijdens het SGO Orgelconcours 2018 (Groningen), het Quintus Orgelconcours 2021 (Kampen) en de Rino Benedet Organ Competition 2023 (Bibione (Itali\u00eb)).<\/p>\t\t\t\t\t\t\t\t<\/div>\n\t\t\t\t<\/div>\n\t\t\t\t\t<\/div>\n\t\t<\/div>\n\t\t\t\t\t<\/div>\n\t\t<\/section>\n\t\t\t\t\t<\/div>\n\t\t<\/div>\n\t\t\t\t\t<\/div>\n\t\t<\/section>\n\t\t\t\t<\/div>\n\t\t","protected":false},"excerpt":{"rendered":"<p>Biography Curriculum vitae Maarten Wilmink werd geboren in 2001 en raakte op 12-jarige leeftijd gefascineerd door het orgel. Inmiddels voerde zijn concertagenda hem onder meer naar Duitsland, Frankrijk, Oostenrijk, Itali\u00eb [&hellip;]<\/p>\n","protected":false},"author":1,"featured_media":0,"parent":0,"menu_order":0,"comment_status":"closed","ping_status":"closed","template":"","meta":{"site-sidebar-layout":"no-sidebar","site-content-layout":"page-builder","ast-site-content-layout":"default","site-content-style":"default","site-sidebar-style":"default","ast-global-header-display":"","ast-banner-title-visibility":"","ast-main-header-display":"","ast-hfb-above-header-display":"","ast-hfb-below-header-display":"","ast-hfb-mobile-header-display":"","site-post-title":"disabled","ast-breadcrumbs-content":"disabled","ast-featured-img":"disabled","footer-sml-layout":"","ast-disable-related-posts":"","theme-transparent-header-meta":"enabled","adv-header-id-meta":"","stick-header-meta":"","header-above-stick-meta":"","header-main-stick-meta":"","header-below-stick-meta":"","astra-migrate-meta-layouts":"default","ast-page-background-enabled":"default","ast-page-background-meta":{"desktop":{"background-color":"","background-image":"","background-repeat":"repeat","background-position":"center center","background-size":"auto","background-attachment":"scroll","background-type":"","background-media":"","overlay-type":"","overlay-color":"","overlay-opacity":"","overlay-gradient":""},"tablet":{"background-color":"","background-image":"","background-repeat":"repeat","background-position":"center center","background-size":"auto","background-attachment":"scroll","background-type":"","background-media":"","overlay-type":"","overlay-color":"","overlay-opacity":"","overlay-gradient":""},"mobile":{"background-color":"","background-image":"","background-repeat":"repeat","background-position":"center center","background-size":"auto","background-attachment":"scroll","background-type":"","background-media":"","overlay-type":"","overlay-color":"","overlay-opacity":"","overlay-gradient":""}},"ast-content-background-meta":{"desktop":{"background-color":"var(--ast-global-color-5)","background-image":"","background-repeat":"repeat","background-position":"center center","background-size":"auto","background-attachment":"scroll","background-type":"","background-media":"","overlay-type":"","overlay-color":"","overlay-opacity":"","overlay-gradient":""},"tablet":{"background-color":"var(--ast-global-color-5)","background-image":"","background-repeat":"repeat","background-position":"center center","background-size":"auto","background-attachment":"scroll","background-type":"","background-media":"","overlay-type":"","overlay-color":"","overlay-opacity":"","overlay-gradient":""},"mobile":{"background-color":"var(--ast-global-color-5)","background-image":"","background-repeat":"repeat","background-position":"center center","background-size":"auto","background-attachment":"scroll","background-type":"","background-media":"","overlay-type":"","overlay-color":"","overlay-opacity":"","overlay-gradient":""}},"footnotes":""},"class_list":["post-294","page","type-page","status-publish","hentry"],"yoast_head":"<!-- This site is optimized with the Yoast SEO plugin v23.4 - https:\/\/yoast.com\/wordpress\/plugins\/seo\/ -->\n<title>Biography | Maarten Wilmink<\/title>\n<meta name=\"robots\" content=\"index, follow, max-snippet:-1, max-image-preview:large, max-video-preview:-1\" \/>\n<link rel=\"canonical\" href=\"https:\/\/maartenwilmink.com\/nl\/biography\/\" \/>\n<meta property=\"og:locale\" content=\"nl_NL\" \/>\n<meta property=\"og:type\" content=\"article\" \/>\n<meta property=\"og:title\" content=\"Biography | Maarten Wilmink\" \/>\n<meta property=\"og:description\" content=\"Biography Curriculum vitae Maarten Wilmink werd geboren in 2001 en raakte op 12-jarige leeftijd gefascineerd door het orgel. Inmiddels voerde zijn concertagenda hem onder meer naar Duitsland, Frankrijk, Oostenrijk, Itali\u00eb [&hellip;]\" \/>\n<meta property=\"og:url\" content=\"https:\/\/maartenwilmink.com\/nl\/biography\/\" \/>\n<meta property=\"og:site_name\" content=\"Maarten Wilmink\" \/>\n<meta property=\"article:modified_time\" content=\"2025-12-15T16:07:16+00:00\" \/>\n<meta name=\"twitter:card\" content=\"summary_large_image\" \/>\n<meta name=\"twitter:label1\" content=\"Geschatte leestijd\" \/>\n\t<meta name=\"twitter:data1\" content=\"2 minuten\" \/>\n<script type=\"application\/ld+json\" class=\"yoast-schema-graph\">{\"@context\":\"https:\/\/schema.org\",\"@graph\":[{\"@type\":\"WebPage\",\"@id\":\"https:\/\/maartenwilmink.com\/en\/biography\/\",\"url\":\"https:\/\/maartenwilmink.com\/en\/biography\/\",\"name\":\"Biography | Maarten Wilmink\",\"isPartOf\":{\"@id\":\"https:\/\/maartenwilmink.com\/nl\/#website\"},\"datePublished\":\"2020-06-15T16:43:02+00:00\",\"dateModified\":\"2025-12-15T16:07:16+00:00\",\"breadcrumb\":{\"@id\":\"https:\/\/maartenwilmink.com\/en\/biography\/#breadcrumb\"},\"inLanguage\":\"nl-NL\",\"potentialAction\":[{\"@type\":\"ReadAction\",\"target\":[\"https:\/\/maartenwilmink.com\/en\/biography\/\"]}]},{\"@type\":\"BreadcrumbList\",\"@id\":\"https:\/\/maartenwilmink.com\/en\/biography\/#breadcrumb\",\"itemListElement\":[{\"@type\":\"ListItem\",\"position\":1,\"name\":\"Home\",\"item\":\"https:\/\/maartenwilmink.com\/\"},{\"@type\":\"ListItem\",\"position\":2,\"name\":\"Biography\"}]},{\"@type\":\"WebSite\",\"@id\":\"https:\/\/maartenwilmink.com\/nl\/#website\",\"url\":\"https:\/\/maartenwilmink.com\/nl\/\",\"name\":\"Maarten Wilmink\",\"description\":\"Organist\",\"publisher\":{\"@id\":\"https:\/\/maartenwilmink.com\/nl\/#organization\"},\"potentialAction\":[{\"@type\":\"SearchAction\",\"target\":{\"@type\":\"EntryPoint\",\"urlTemplate\":\"https:\/\/maartenwilmink.com\/nl\/?s={search_term_string}\"},\"query-input\":{\"@type\":\"PropertyValueSpecification\",\"valueRequired\":true,\"valueName\":\"search_term_string\"}}],\"inLanguage\":\"nl-NL\"},{\"@type\":\"Organization\",\"@id\":\"https:\/\/maartenwilmink.com\/nl\/#organization\",\"name\":\"Maarten Wilmink\",\"url\":\"https:\/\/maartenwilmink.com\/nl\/\",\"logo\":{\"@type\":\"ImageObject\",\"inLanguage\":\"nl-NL\",\"@id\":\"https:\/\/maartenwilmink.com\/nl\/#\/schema\/logo\/image\/\",\"url\":\"https:\/\/maartenwilmink.com\/wp-content\/uploads\/2020\/10\/Logo-Website-3-e1601913400311.png\",\"contentUrl\":\"https:\/\/maartenwilmink.com\/wp-content\/uploads\/2020\/10\/Logo-Website-3-e1601913400311.png\",\"width\":771,\"height\":255,\"caption\":\"Maarten Wilmink\"},\"image\":{\"@id\":\"https:\/\/maartenwilmink.com\/nl\/#\/schema\/logo\/image\/\"}}]}<\/script>\n<!-- \/ Yoast SEO plugin. -->","yoast_head_json":{"title":"Biography | Maarten Wilmink","robots":{"index":"index","follow":"follow","max-snippet":"max-snippet:-1","max-image-preview":"max-image-preview:large","max-video-preview":"max-video-preview:-1"},"canonical":"https:\/\/maartenwilmink.com\/nl\/biography\/","og_locale":"nl_NL","og_type":"article","og_title":"Biography | Maarten Wilmink","og_description":"Biography Curriculum vitae Maarten Wilmink werd geboren in 2001 en raakte op 12-jarige leeftijd gefascineerd door het orgel. Inmiddels voerde zijn concertagenda hem onder meer naar Duitsland, Frankrijk, Oostenrijk, Itali\u00eb [&hellip;]","og_url":"https:\/\/maartenwilmink.com\/nl\/biography\/","og_site_name":"Maarten Wilmink","article_modified_time":"2025-12-15T16:07:16+00:00","twitter_card":"summary_large_image","twitter_misc":{"Geschatte leestijd":"2 minuten"},"schema":{"@context":"https:\/\/schema.org","@graph":[{"@type":"WebPage","@id":"https:\/\/maartenwilmink.com\/en\/biography\/","url":"https:\/\/maartenwilmink.com\/en\/biography\/","name":"Biography | Maarten Wilmink","isPartOf":{"@id":"https:\/\/maartenwilmink.com\/nl\/#website"},"datePublished":"2020-06-15T16:43:02+00:00","dateModified":"2025-12-15T16:07:16+00:00","breadcrumb":{"@id":"https:\/\/maartenwilmink.com\/en\/biography\/#breadcrumb"},"inLanguage":"nl-NL","potentialAction":[{"@type":"ReadAction","target":["https:\/\/maartenwilmink.com\/en\/biography\/"]}]},{"@type":"BreadcrumbList","@id":"https:\/\/maartenwilmink.com\/en\/biography\/#breadcrumb","itemListElement":[{"@type":"ListItem","position":1,"name":"Home","item":"https:\/\/maartenwilmink.com\/"},{"@type":"ListItem","position":2,"name":"Biography"}]},{"@type":"WebSite","@id":"https:\/\/maartenwilmink.com\/nl\/#website","url":"https:\/\/maartenwilmink.com\/nl\/","name":"Maarten Wilmink","description":"Organist","publisher":{"@id":"https:\/\/maartenwilmink.com\/nl\/#organization"},"potentialAction":[{"@type":"SearchAction","target":{"@type":"EntryPoint","urlTemplate":"https:\/\/maartenwilmink.com\/nl\/?s={search_term_string}"},"query-input":{"@type":"PropertyValueSpecification","valueRequired":true,"valueName":"search_term_string"}}],"inLanguage":"nl-NL"},{"@type":"Organization","@id":"https:\/\/maartenwilmink.com\/nl\/#organization","name":"Maarten Wilmink","url":"https:\/\/maartenwilmink.com\/nl\/","logo":{"@type":"ImageObject","inLanguage":"nl-NL","@id":"https:\/\/maartenwilmink.com\/nl\/#\/schema\/logo\/image\/","url":"https:\/\/maartenwilmink.com\/wp-content\/uploads\/2020\/10\/Logo-Website-3-e1601913400311.png","contentUrl":"https:\/\/maartenwilmink.com\/wp-content\/uploads\/2020\/10\/Logo-Website-3-e1601913400311.png","width":771,"height":255,"caption":"Maarten Wilmink"},"image":{"@id":"https:\/\/maartenwilmink.com\/nl\/#\/schema\/logo\/image\/"}}]}},"_links":{"self":[{"href":"https:\/\/maartenwilmink.com\/nl\/wp-json\/wp\/v2\/pages\/294","targetHints":{"allow":["GET"]}}],"collection":[{"href":"https:\/\/maartenwilmink.com\/nl\/wp-json\/wp\/v2\/pages"}],"about":[{"href":"https:\/\/maartenwilmink.com\/nl\/wp-json\/wp\/v2\/types\/page"}],"author":[{"embeddable":true,"href":"https:\/\/maartenwilmink.com\/nl\/wp-json\/wp\/v2\/users\/1"}],"replies":[{"embeddable":true,"href":"https:\/\/maartenwilmink.com\/nl\/wp-json\/wp\/v2\/comments?post=294"}],"version-history":[{"count":70,"href":"https:\/\/maartenwilmink.com\/nl\/wp-json\/wp\/v2\/pages\/294\/revisions"}],"predecessor-version":[{"id":2323,"href":"https:\/\/maartenwilmink.com\/nl\/wp-json\/wp\/v2\/pages\/294\/revisions\/2323"}],"wp:attachment":[{"href":"https:\/\/maartenwilmink.com\/nl\/wp-json\/wp\/v2\/media?parent=294"}],"curies":[{"name":"wp","href":"https:\/\/api.w.org\/{rel}","templated":true}]}}