{"id":294,"date":"2020-06-15T16:43:02","date_gmt":"2020-06-15T16:43:02","guid":{"rendered":"http:\/\/maartenwilmink.com\/biography\/"},"modified":"2025-12-15T17:07:16","modified_gmt":"2025-12-15T16:07:16","slug":"biography","status":"publish","type":"page","link":"https:\/\/maartenwilmink.com\/de\/biography\/","title":{"rendered":"Biografie"},"content":{"rendered":"<div data-elementor-type=\"wp-page\" data-elementor-id=\"294\" class=\"elementor elementor-294\">\n\t\t\t\t\t\t<section class=\"elementor-section elementor-top-section elementor-element elementor-element-96c7d45 elementor-section-height-min-height elementor-section-items-bottom elementor-section-boxed elementor-section-height-default\" data-id=\"96c7d45\" data-element_type=\"section\" data-settings=\"{&quot;background_background&quot;:&quot;classic&quot;}\">\n\t\t\t\t\t\t\t<div class=\"elementor-background-overlay\"><\/div>\n\t\t\t\t\t\t\t<div class=\"elementor-container elementor-column-gap-no\">\n\t\t\t\t\t<div class=\"elementor-column elementor-col-100 elementor-top-column elementor-element elementor-element-25cfc78\" data-id=\"25cfc78\" data-element_type=\"column\">\n\t\t\t<div class=\"elementor-widget-wrap elementor-element-populated\">\n\t\t\t\t\t\t<div class=\"elementor-element elementor-element-1467566 elementor-widget elementor-widget-heading\" data-id=\"1467566\" data-element_type=\"widget\" data-widget_type=\"heading.default\">\n\t\t\t\t<div class=\"elementor-widget-container\">\n\t\t\t\t\t<h1 class=\"elementor-heading-title elementor-size-default\">Biografie<\/h1>\t\t\t\t<\/div>\n\t\t\t\t<\/div>\n\t\t\t\t<div class=\"elementor-element elementor-element-8779999 elementor-widget-divider--view-line elementor-widget elementor-widget-divider\" data-id=\"8779999\" data-element_type=\"widget\" data-widget_type=\"divider.default\">\n\t\t\t\t<div class=\"elementor-widget-container\">\n\t\t\t\t\t\t\t<div class=\"elementor-divider\">\n\t\t\t<span class=\"elementor-divider-separator\">\n\t\t\t\t\t\t<\/span>\n\t\t<\/div>\n\t\t\t\t\t\t<\/div>\n\t\t\t\t<\/div>\n\t\t\t\t\t<\/div>\n\t\t<\/div>\n\t\t\t\t\t<\/div>\n\t\t<\/section>\n\t\t\t\t<section class=\"elementor-section elementor-top-section elementor-element elementor-element-66468e1 elementor-section-content-middle elementor-section-boxed elementor-section-height-default elementor-section-height-default\" data-id=\"66468e1\" data-element_type=\"section\">\n\t\t\t\t\t\t\t<div class=\"elementor-background-overlay\"><\/div>\n\t\t\t\t\t\t\t<div class=\"elementor-container elementor-column-gap-no\">\n\t\t\t\t\t<div class=\"elementor-column elementor-col-100 elementor-top-column elementor-element elementor-element-ec0c66a\" data-id=\"ec0c66a\" data-element_type=\"column\">\n\t\t\t<div class=\"elementor-widget-wrap elementor-element-populated\">\n\t\t\t\t\t\t<section class=\"elementor-section elementor-inner-section elementor-element elementor-element-6db093d elementor-section-boxed elementor-section-height-default elementor-section-height-default\" data-id=\"6db093d\" data-element_type=\"section\">\n\t\t\t\t\t\t<div class=\"elementor-container elementor-column-gap-no\">\n\t\t\t\t\t<div class=\"elementor-column elementor-col-100 elementor-inner-column elementor-element elementor-element-e0bab35\" data-id=\"e0bab35\" data-element_type=\"column\">\n\t\t\t<div class=\"elementor-widget-wrap elementor-element-populated\">\n\t\t\t\t\t\t<div class=\"elementor-element elementor-element-bacff46 elementor-widget elementor-widget-heading\" data-id=\"bacff46\" data-element_type=\"widget\" data-widget_type=\"heading.default\">\n\t\t\t\t<div class=\"elementor-widget-container\">\n\t\t\t\t\t<h3 class=\"elementor-heading-title elementor-size-default\">Lebenslauf<\/h3>\t\t\t\t<\/div>\n\t\t\t\t<\/div>\n\t\t\t\t<div class=\"elementor-element elementor-element-b5f8d7d elementor-widget-divider--view-line elementor-widget elementor-widget-divider\" data-id=\"b5f8d7d\" data-element_type=\"widget\" data-widget_type=\"divider.default\">\n\t\t\t\t<div class=\"elementor-widget-container\">\n\t\t\t\t\t\t\t<div class=\"elementor-divider\">\n\t\t\t<span class=\"elementor-divider-separator\">\n\t\t\t\t\t\t<\/span>\n\t\t<\/div>\n\t\t\t\t\t\t<\/div>\n\t\t\t\t<\/div>\n\t\t\t\t\t<\/div>\n\t\t<\/div>\n\t\t\t\t\t<\/div>\n\t\t<\/section>\n\t\t\t\t<section class=\"elementor-section elementor-inner-section elementor-element elementor-element-685c10c elementor-section-boxed elementor-section-height-default elementor-section-height-default\" data-id=\"685c10c\" data-element_type=\"section\">\n\t\t\t\t\t\t<div class=\"elementor-container elementor-column-gap-no\">\n\t\t\t\t\t<div class=\"elementor-column elementor-col-100 elementor-inner-column elementor-element elementor-element-54a4cd1\" data-id=\"54a4cd1\" data-element_type=\"column\">\n\t\t\t<div class=\"elementor-widget-wrap elementor-element-populated\">\n\t\t\t\t\t\t<div class=\"elementor-element elementor-element-b2f141f elementor-widget elementor-widget-text-editor\" data-id=\"b2f141f\" data-element_type=\"widget\" data-widget_type=\"text-editor.default\">\n\t\t\t\t<div class=\"elementor-widget-container\">\n\t\t\t\t\t\t\t\t\t<p>Der 2001 geborene Maarten Wilmink wurde im Alter von 12 Jahren von der Orgel fasziniert. Seine Konzertt\u00e4tigkeit hat ihn seitdem unter anderem nach Deutschland, Frankreich, \u00d6sterreich, Italien und Litauen gef\u00fchrt. Er konzertierte u. a. in Notre-Dame in Paris, im Innsbrucker Dom und im Dom von Udine und wurde erster Preistr\u00e4ger mehrerer Orgelwettbewerbe. Ab Januar 2026 wurde er zum Titularorganisten der Kathedralenbasilika St. Bavo in Haarlem ernannt.<\/p><p>\u00a0<\/p><p>Sein Orgelstudium begann er 2014 bei Louis ten Vregelaar und setzte es 2019 am Rotterdamer Konservatorium fort. Hier studierte er bei Ben van Oosten und Zuzana Ferjen\u010d\u00edkov\u00e1. Au\u00dferdem studierte er dort Improvisation bei Hayo Boerema und schloss sein Kirchenmusikstudium ab. Sowohl seine Bachelor- als auch seine Master-Pr\u00fcfung f\u00fcr Orgel wurden mit einer 10 benotet und er schloss somit beide mit summa cum laude ab. Derzeit studiert er bei Notre-Dame-Organist Vincent Dubois f\u00fcr das Konzertexamen Orgel in Saarbr\u00fccken (Deutschland).<\/p><p>\u00a0<\/p><p>Neben seinen Solokonzerten tritt er solo mit Orchestern auf und begleitet regelm\u00e4\u00dfig Ch\u00f6re und Ensembles. Er hat auch einen YouTube-Kanal, auf dem er seine eigenen Aufnahmen ver\u00f6ffentlicht. Als Kirchenmusiker ist er seit 2022 mit der Stephanskirche in Borne verbunden, wo er zum Organisten-Dirigenten ernannt wurde. F\u00fcr den Zeitraum 2023-2024 erhielt er eine zweij\u00e4hrige Berufung als Orgelstipendiat in Ratingen (Deutschland). Bei mehreren Gelegenheiten spielte er bei Messen, die live auf NPO 2 \u00fcbertragen wurden. Neben seiner T\u00e4tigkeit als aus\u00fcbender Musiker ist er auch als privater Orgellehrer t\u00e4tig.<br \/><br \/>Maarten Wilmink war Preistr\u00e4ger bei mehreren Orgelwettbewerben. Er gewann erste Preise beim SGO-Orgelwettbewerb 2018 (Groningen), beim Quintus-Orgelwettbewerb 2021 (Kampen) und beim Rino Benedet-Orgelwettbewerb 2023 (Bibione (Italien)).<\/p>\t\t\t\t\t\t\t\t<\/div>\n\t\t\t\t<\/div>\n\t\t\t\t\t<\/div>\n\t\t<\/div>\n\t\t\t\t\t<\/div>\n\t\t<\/section>\n\t\t\t\t\t<\/div>\n\t\t<\/div>\n\t\t\t\t\t<\/div>\n\t\t<\/section>\n\t\t\t\t<\/div>","protected":false},"excerpt":{"rendered":"<p>Biography Curriculum vitae Maarten Wilmink werd geboren in 2001 en raakte op 12-jarige leeftijd gefascineerd door het orgel. Inmiddels voerde zijn concertagenda hem onder meer naar Duitsland, Frankrijk, Oostenrijk, Itali\u00eb [&hellip;]<\/p>","protected":false},"author":1,"featured_media":0,"parent":0,"menu_order":0,"comment_status":"closed","ping_status":"closed","template":"","meta":{"site-sidebar-layout":"no-sidebar","site-content-layout":"page-builder","ast-site-content-layout":"default","site-content-style":"default","site-sidebar-style":"default","ast-global-header-display":"","ast-banner-title-visibility":"","ast-main-header-display":"","ast-hfb-above-header-display":"","ast-hfb-below-header-display":"","ast-hfb-mobile-header-display":"","site-post-title":"disabled","ast-breadcrumbs-content":"disabled","ast-featured-img":"disabled","footer-sml-layout":"","ast-disable-related-posts":"","theme-transparent-header-meta":"enabled","adv-header-id-meta":"","stick-header-meta":"","header-above-stick-meta":"","header-main-stick-meta":"","header-below-stick-meta":"","astra-migrate-meta-layouts":"default","ast-page-background-enabled":"default","ast-page-background-meta":{"desktop":{"background-color":"","background-image":"","background-repeat":"repeat","background-position":"center center","background-size":"auto","background-attachment":"scroll","background-type":"","background-media":"","overlay-type":"","overlay-color":"","overlay-opacity":"","overlay-gradient":""},"tablet":{"background-color":"","background-image":"","background-repeat":"repeat","background-position":"center center","background-size":"auto","background-attachment":"scroll","background-type":"","background-media":"","overlay-type":"","overlay-color":"","overlay-opacity":"","overlay-gradient":""},"mobile":{"background-color":"","background-image":"","background-repeat":"repeat","background-position":"center center","background-size":"auto","background-attachment":"scroll","background-type":"","background-media":"","overlay-type":"","overlay-color":"","overlay-opacity":"","overlay-gradient":""}},"ast-content-background-meta":{"desktop":{"background-color":"var(--ast-global-color-5)","background-image":"","background-repeat":"repeat","background-position":"center center","background-size":"auto","background-attachment":"scroll","background-type":"","background-media":"","overlay-type":"","overlay-color":"","overlay-opacity":"","overlay-gradient":""},"tablet":{"background-color":"var(--ast-global-color-5)","background-image":"","background-repeat":"repeat","background-position":"center center","background-size":"auto","background-attachment":"scroll","background-type":"","background-media":"","overlay-type":"","overlay-color":"","overlay-opacity":"","overlay-gradient":""},"mobile":{"background-color":"var(--ast-global-color-5)","background-image":"","background-repeat":"repeat","background-position":"center center","background-size":"auto","background-attachment":"scroll","background-type":"","background-media":"","overlay-type":"","overlay-color":"","overlay-opacity":"","overlay-gradient":""}},"footnotes":""},"class_list":["post-294","page","type-page","status-publish","hentry"],"yoast_head":"<!-- This site is optimized with the Yoast SEO plugin v23.4 - https:\/\/yoast.com\/wordpress\/plugins\/seo\/ -->\n<title>Biography | Maarten Wilmink<\/title>\n<meta name=\"robots\" content=\"index, follow, max-snippet:-1, max-image-preview:large, max-video-preview:-1\" \/>\n<link rel=\"canonical\" href=\"https:\/\/maartenwilmink.com\/de\/biography\/\" \/>\n<meta property=\"og:locale\" content=\"de_DE\" \/>\n<meta property=\"og:type\" content=\"article\" \/>\n<meta property=\"og:title\" content=\"Biography | Maarten Wilmink\" \/>\n<meta property=\"og:description\" content=\"Biography Curriculum vitae Maarten Wilmink werd geboren in 2001 en raakte op 12-jarige leeftijd gefascineerd door het orgel. Inmiddels voerde zijn concertagenda hem onder meer naar Duitsland, Frankrijk, Oostenrijk, Itali\u00eb [&hellip;]\" \/>\n<meta property=\"og:url\" content=\"https:\/\/maartenwilmink.com\/de\/biography\/\" \/>\n<meta property=\"og:site_name\" content=\"Maarten Wilmink\" \/>\n<meta property=\"article:modified_time\" content=\"2025-12-15T16:07:16+00:00\" \/>\n<meta name=\"twitter:card\" content=\"summary_large_image\" \/>\n<meta name=\"twitter:label1\" content=\"Gesch\u00e4tzte Lesezeit\" \/>\n\t<meta name=\"twitter:data1\" content=\"2\u00a0Minuten\" \/>\n<script type=\"application\/ld+json\" class=\"yoast-schema-graph\">{\"@context\":\"https:\/\/schema.org\",\"@graph\":[{\"@type\":\"WebPage\",\"@id\":\"https:\/\/maartenwilmink.com\/en\/biography\/\",\"url\":\"https:\/\/maartenwilmink.com\/en\/biography\/\",\"name\":\"Biography | Maarten Wilmink\",\"isPartOf\":{\"@id\":\"https:\/\/maartenwilmink.com\/nl\/#website\"},\"datePublished\":\"2020-06-15T16:43:02+00:00\",\"dateModified\":\"2025-12-15T16:07:16+00:00\",\"breadcrumb\":{\"@id\":\"https:\/\/maartenwilmink.com\/en\/biography\/#breadcrumb\"},\"inLanguage\":\"de\",\"potentialAction\":[{\"@type\":\"ReadAction\",\"target\":[\"https:\/\/maartenwilmink.com\/en\/biography\/\"]}]},{\"@type\":\"BreadcrumbList\",\"@id\":\"https:\/\/maartenwilmink.com\/en\/biography\/#breadcrumb\",\"itemListElement\":[{\"@type\":\"ListItem\",\"position\":1,\"name\":\"Home\",\"item\":\"https:\/\/maartenwilmink.com\/\"},{\"@type\":\"ListItem\",\"position\":2,\"name\":\"Biography\"}]},{\"@type\":\"WebSite\",\"@id\":\"https:\/\/maartenwilmink.com\/nl\/#website\",\"url\":\"https:\/\/maartenwilmink.com\/nl\/\",\"name\":\"Maarten Wilmink\",\"description\":\"Organist\",\"publisher\":{\"@id\":\"https:\/\/maartenwilmink.com\/nl\/#organization\"},\"potentialAction\":[{\"@type\":\"SearchAction\",\"target\":{\"@type\":\"EntryPoint\",\"urlTemplate\":\"https:\/\/maartenwilmink.com\/nl\/?s={search_term_string}\"},\"query-input\":{\"@type\":\"PropertyValueSpecification\",\"valueRequired\":true,\"valueName\":\"search_term_string\"}}],\"inLanguage\":\"de\"},{\"@type\":\"Organization\",\"@id\":\"https:\/\/maartenwilmink.com\/nl\/#organization\",\"name\":\"Maarten Wilmink\",\"url\":\"https:\/\/maartenwilmink.com\/nl\/\",\"logo\":{\"@type\":\"ImageObject\",\"inLanguage\":\"de\",\"@id\":\"https:\/\/maartenwilmink.com\/nl\/#\/schema\/logo\/image\/\",\"url\":\"https:\/\/maartenwilmink.com\/wp-content\/uploads\/2020\/10\/Logo-Website-3-e1601913400311.png\",\"contentUrl\":\"https:\/\/maartenwilmink.com\/wp-content\/uploads\/2020\/10\/Logo-Website-3-e1601913400311.png\",\"width\":771,\"height\":255,\"caption\":\"Maarten Wilmink\"},\"image\":{\"@id\":\"https:\/\/maartenwilmink.com\/nl\/#\/schema\/logo\/image\/\"}}]}<\/script>\n<!-- \/ Yoast SEO plugin. -->","yoast_head_json":{"title":"Biography | Maarten Wilmink","robots":{"index":"index","follow":"follow","max-snippet":"max-snippet:-1","max-image-preview":"max-image-preview:large","max-video-preview":"max-video-preview:-1"},"canonical":"https:\/\/maartenwilmink.com\/de\/biography\/","og_locale":"de_DE","og_type":"article","og_title":"Biography | Maarten Wilmink","og_description":"Biography Curriculum vitae Maarten Wilmink werd geboren in 2001 en raakte op 12-jarige leeftijd gefascineerd door het orgel. Inmiddels voerde zijn concertagenda hem onder meer naar Duitsland, Frankrijk, Oostenrijk, Itali\u00eb [&hellip;]","og_url":"https:\/\/maartenwilmink.com\/de\/biography\/","og_site_name":"Maarten Wilmink","article_modified_time":"2025-12-15T16:07:16+00:00","twitter_card":"summary_large_image","twitter_misc":{"Gesch\u00e4tzte Lesezeit":"2\u00a0Minuten"},"schema":{"@context":"https:\/\/schema.org","@graph":[{"@type":"WebPage","@id":"https:\/\/maartenwilmink.com\/en\/biography\/","url":"https:\/\/maartenwilmink.com\/en\/biography\/","name":"Biography | Maarten Wilmink","isPartOf":{"@id":"https:\/\/maartenwilmink.com\/nl\/#website"},"datePublished":"2020-06-15T16:43:02+00:00","dateModified":"2025-12-15T16:07:16+00:00","breadcrumb":{"@id":"https:\/\/maartenwilmink.com\/en\/biography\/#breadcrumb"},"inLanguage":"de","potentialAction":[{"@type":"ReadAction","target":["https:\/\/maartenwilmink.com\/en\/biography\/"]}]},{"@type":"BreadcrumbList","@id":"https:\/\/maartenwilmink.com\/en\/biography\/#breadcrumb","itemListElement":[{"@type":"ListItem","position":1,"name":"Home","item":"https:\/\/maartenwilmink.com\/"},{"@type":"ListItem","position":2,"name":"Biography"}]},{"@type":"WebSite","@id":"https:\/\/maartenwilmink.com\/nl\/#website","url":"https:\/\/maartenwilmink.com\/nl\/","name":"Maarten Wilmink","description":"Organist","publisher":{"@id":"https:\/\/maartenwilmink.com\/nl\/#organization"},"potentialAction":[{"@type":"SearchAction","target":{"@type":"EntryPoint","urlTemplate":"https:\/\/maartenwilmink.com\/nl\/?s={search_term_string}"},"query-input":{"@type":"PropertyValueSpecification","valueRequired":true,"valueName":"search_term_string"}}],"inLanguage":"de"},{"@type":"Organization","@id":"https:\/\/maartenwilmink.com\/nl\/#organization","name":"Maarten Wilmink","url":"https:\/\/maartenwilmink.com\/nl\/","logo":{"@type":"ImageObject","inLanguage":"de","@id":"https:\/\/maartenwilmink.com\/nl\/#\/schema\/logo\/image\/","url":"https:\/\/maartenwilmink.com\/wp-content\/uploads\/2020\/10\/Logo-Website-3-e1601913400311.png","contentUrl":"https:\/\/maartenwilmink.com\/wp-content\/uploads\/2020\/10\/Logo-Website-3-e1601913400311.png","width":771,"height":255,"caption":"Maarten Wilmink"},"image":{"@id":"https:\/\/maartenwilmink.com\/nl\/#\/schema\/logo\/image\/"}}]}},"_links":{"self":[{"href":"https:\/\/maartenwilmink.com\/de\/wp-json\/wp\/v2\/pages\/294","targetHints":{"allow":["GET"]}}],"collection":[{"href":"https:\/\/maartenwilmink.com\/de\/wp-json\/wp\/v2\/pages"}],"about":[{"href":"https:\/\/maartenwilmink.com\/de\/wp-json\/wp\/v2\/types\/page"}],"author":[{"embeddable":true,"href":"https:\/\/maartenwilmink.com\/de\/wp-json\/wp\/v2\/users\/1"}],"replies":[{"embeddable":true,"href":"https:\/\/maartenwilmink.com\/de\/wp-json\/wp\/v2\/comments?post=294"}],"version-history":[{"count":70,"href":"https:\/\/maartenwilmink.com\/de\/wp-json\/wp\/v2\/pages\/294\/revisions"}],"predecessor-version":[{"id":2323,"href":"https:\/\/maartenwilmink.com\/de\/wp-json\/wp\/v2\/pages\/294\/revisions\/2323"}],"wp:attachment":[{"href":"https:\/\/maartenwilmink.com\/de\/wp-json\/wp\/v2\/media?parent=294"}],"curies":[{"name":"wp","href":"https:\/\/api.w.org\/{rel}","templated":true}]}}