{"id":2315,"date":"2025-12-15T16:57:42","date_gmt":"2025-12-15T15:57:42","guid":{"rendered":"https:\/\/maartenwilmink.com\/?page_id=2315"},"modified":"2026-01-20T15:28:57","modified_gmt":"2026-01-20T14:28:57","slug":"biografie","status":"publish","type":"page","link":"https:\/\/maartenwilmink.com\/de\/biografie\/","title":{"rendered":"Biografie"},"content":{"rendered":"<div data-elementor-type=\"wp-page\" data-elementor-id=\"2315\" class=\"elementor elementor-2315\">\n\t\t\t\t\t\t<section class=\"elementor-section elementor-top-section elementor-element elementor-element-46aeb8f elementor-section-height-min-height elementor-section-items-bottom elementor-section-boxed elementor-section-height-default\" data-id=\"46aeb8f\" data-element_type=\"section\" data-settings=\"{&quot;background_background&quot;:&quot;classic&quot;,&quot;shape_divider_bottom&quot;:&quot;curve-asymmetrical&quot;,&quot;shape_divider_bottom_negative&quot;:&quot;yes&quot;}\">\n\t\t\t\t\t\t\t<div class=\"elementor-background-overlay\"><\/div>\n\t\t\t\t\t\t<div class=\"elementor-shape elementor-shape-bottom\" aria-hidden=\"true\" data-negative=\"true\">\n\t\t\t<svg xmlns=\"http:\/\/www.w3.org\/2000\/svg\" viewbox=\"0 0 1000 100\" preserveaspectratio=\"none\">\n\t<path class=\"elementor-shape-fill\" d=\"M615.2,96.7C240.2,97.8,0,18.9,0,0v100h1000V0C1000,19.2,989.8,96,615.2,96.7z\"\/>\n<\/svg>\t\t<\/div>\n\t\t\t\t\t<div class=\"elementor-container elementor-column-gap-no\">\n\t\t\t\t\t<div class=\"elementor-column elementor-col-100 elementor-top-column elementor-element elementor-element-de02013\" data-id=\"de02013\" data-element_type=\"column\">\n\t\t\t<div class=\"elementor-widget-wrap elementor-element-populated\">\n\t\t\t\t\t\t<div class=\"elementor-element elementor-element-07d8b53 elementor-invisible elementor-widget elementor-widget-heading\" data-id=\"07d8b53\" data-element_type=\"widget\" data-settings=\"{&quot;_animation&quot;:&quot;fadeIn&quot;}\" data-widget_type=\"heading.default\">\n\t\t\t\t<div class=\"elementor-widget-container\">\n\t\t\t\t\t<h1 class=\"elementor-heading-title elementor-size-default\">Biografie<\/h1>\t\t\t\t<\/div>\n\t\t\t\t<\/div>\n\t\t\t\t<div class=\"elementor-element elementor-element-646ddd7 elementor-widget-divider--view-line elementor-invisible elementor-widget elementor-widget-divider\" data-id=\"646ddd7\" data-element_type=\"widget\" data-settings=\"{&quot;_animation&quot;:&quot;fadeIn&quot;}\" data-widget_type=\"divider.default\">\n\t\t\t\t<div class=\"elementor-widget-container\">\n\t\t\t\t\t\t\t<div class=\"elementor-divider\">\n\t\t\t<span class=\"elementor-divider-separator\">\n\t\t\t\t\t\t<\/span>\n\t\t<\/div>\n\t\t\t\t\t\t<\/div>\n\t\t\t\t<\/div>\n\t\t\t\t\t<\/div>\n\t\t<\/div>\n\t\t\t\t\t<\/div>\n\t\t<\/section>\n\t\t\t\t<section class=\"elementor-section elementor-top-section elementor-element elementor-element-c9dbbfc elementor-section-boxed elementor-section-height-default elementor-section-height-default\" data-id=\"c9dbbfc\" data-element_type=\"section\">\n\t\t\t\t\t\t<div class=\"elementor-container elementor-column-gap-default\">\n\t\t\t\t\t<div class=\"elementor-column elementor-col-100 elementor-top-column elementor-element elementor-element-b07e7c8\" data-id=\"b07e7c8\" data-element_type=\"column\">\n\t\t\t<div class=\"elementor-widget-wrap elementor-element-populated\">\n\t\t\t\t\t\t<div class=\"elementor-element elementor-element-9085b78 elementor-invisible elementor-widget elementor-widget-heading\" data-id=\"9085b78\" data-element_type=\"widget\" data-settings=\"{&quot;_animation&quot;:&quot;fadeIn&quot;}\" data-widget_type=\"heading.default\">\n\t\t\t\t<div class=\"elementor-widget-container\">\n\t\t\t\t\t<h2 class=\"elementor-heading-title elementor-size-default\">Lebenslauf<\/h2>\t\t\t\t<\/div>\n\t\t\t\t<\/div>\n\t\t\t\t<div class=\"elementor-element elementor-element-e14c330 elementor-invisible elementor-widget elementor-widget-text-editor\" data-id=\"e14c330\" data-element_type=\"widget\" data-settings=\"{&quot;_animation&quot;:&quot;fadeIn&quot;}\" data-widget_type=\"text-editor.default\">\n\t\t\t\t<div class=\"elementor-widget-container\">\n\t\t\t\t\t\t\t\t\t<p><span style=\"font-size: 16px;\">Der 2001 geborene Maarten Wilmink wurde im Alter von 12 Jahren von der Orgel fasziniert. Seine Konzertt\u00e4tigkeit hat ihn seitdem unter anderem nach Deutschland, Frankreich, \u00d6sterreich, Italien und Litauen gef\u00fchrt. Er konzertierte u. a. in Notre-Dame in Paris, im Innsbrucker Dom und im Dom von Udine und wurde erster Preistr\u00e4ger mehrerer Orgelwettbewerbe. Ab Januar 2026 wurde er zum Titularorganisten der Kathedralenbasilika St. Bavo in Haarlem ernannt.<\/span><\/p>\t\t\t\t\t\t\t\t<\/div>\n\t\t\t\t<\/div>\n\t\t\t\t<div class=\"elementor-element elementor-element-d15c243 elementor-invisible elementor-widget elementor-widget-text-editor\" data-id=\"d15c243\" data-element_type=\"widget\" data-settings=\"{&quot;_animation&quot;:&quot;fadeIn&quot;}\" data-widget_type=\"text-editor.default\">\n\t\t\t\t<div class=\"elementor-widget-container\">\n\t\t\t\t\t\t\t\t\t<p style=\"font-size: 18px; font-style: normal;\"><span style=\"font-size: 16px;\">Sein Orgelstudium begann er 2014 bei Louis ten Vregelaar und setzte es 2019 am Rotterdamer Konservatorium fort. Hier studierte er bei Ben van Oosten und Zuzana Ferjen\u010d\u00edkov\u00e1. Au\u00dferdem studierte er dort Improvisation bei Hayo Boerema und schloss sein Kirchenmusikstudium ab. Sowohl seine Bachelor- als auch seine Master-Pr\u00fcfung f\u00fcr Orgel wurden mit einer 10 benotet und er schloss somit beide mit summa cum laude ab. Derzeit studiert er bei Notre-Dame-Organist Vincent Dubois f\u00fcr das Konzertexamen Orgel in Saarbr\u00fccken (Deutschland).<\/span><\/p>\t\t\t\t\t\t\t\t<\/div>\n\t\t\t\t<\/div>\n\t\t\t\t<div class=\"elementor-element elementor-element-56467bd elementor-invisible elementor-widget elementor-widget-text-editor\" data-id=\"56467bd\" data-element_type=\"widget\" data-settings=\"{&quot;_animation&quot;:&quot;fadeIn&quot;}\" data-widget_type=\"text-editor.default\">\n\t\t\t\t<div class=\"elementor-widget-container\">\n\t\t\t\t\t\t\t\t\t<p style=\"font-size: 18px; font-style: normal;\"><span style=\"font-size: 16px;\">Neben seinen Solokonzerten tritt er solistisch mit Orchestern auf und begleitet regelm\u00e4\u00dfig Ch\u00f6re und Ensembles. Zudem hat er einen YouTube-Kanal, auf dem er eigene Aufnahmen ver\u00f6ffentlicht. Von 2022 bis 2026 war er als Organist-Dirigent an der St.-Stephanus-Kirche in Borne t\u00e4tig. F\u00fcr die Periode 2023-2024 erhielt er eine zweij\u00e4hrige Anstellung als Organ Scholar in Ratingen (Deutschland). Mehrmals spielte er w\u00e4hrend Messen, die live auf NPO 2 \u00fcbertragen wurden. Neben seiner T\u00e4tigkeit als aus\u00fcbender Musiker ist er auch als Privatlehrer f\u00fcr Orgel t\u00e4tig.<\/span><\/p>\t\t\t\t\t\t\t\t<\/div>\n\t\t\t\t<\/div>\n\t\t\t\t<div class=\"elementor-element elementor-element-e5a3351 elementor-invisible elementor-widget elementor-widget-text-editor\" data-id=\"e5a3351\" data-element_type=\"widget\" data-settings=\"{&quot;_animation&quot;:&quot;fadeIn&quot;}\" data-widget_type=\"text-editor.default\">\n\t\t\t\t<div class=\"elementor-widget-container\">\n\t\t\t\t\t\t\t\t\t<p style=\"font-size: 18px; font-style: normal;\"><span style=\"font-size: 16px; font-style: normal; -webkit-text-size-adjust: 100%;\">Maarten Wilmink war Preistr\u00e4ger bei mehreren Orgelwettbewerben. Er gewann erste Preise beim SGO-Orgelwettbewerb 2018 (Groningen), beim Quintus-Orgelwettbewerb 2021 (Kampen) und beim Rino Benedet-Orgelwettbewerb 2023 (Bibione (Italien)).<\/span><\/p>\t\t\t\t\t\t\t\t<\/div>\n\t\t\t\t<\/div>\n\t\t\t\t\t<\/div>\n\t\t<\/div>\n\t\t\t\t\t<\/div>\n\t\t<\/section>\n\t\t\t\t<\/div>","protected":false},"excerpt":{"rendered":"<p>Biografie Curriculum vitae Maarten Wilmink werd geboren in 2001 en raakte op 12-jarige leeftijd gefascineerd door het orgel. Inmiddels voerde zijn concertagenda hem onder meer naar Duitsland, Frankrijk, Oostenrijk, Itali\u00eb [&hellip;]<\/p>","protected":false},"author":1,"featured_media":0,"parent":0,"menu_order":0,"comment_status":"closed","ping_status":"closed","template":"","meta":{"site-sidebar-layout":"no-sidebar","site-content-layout":"page-builder","ast-site-content-layout":"default","site-content-style":"default","site-sidebar-style":"default","ast-global-header-display":"","ast-banner-title-visibility":"","ast-main-header-display":"","ast-hfb-above-header-display":"","ast-hfb-below-header-display":"","ast-hfb-mobile-header-display":"","site-post-title":"disabled","ast-breadcrumbs-content":"disabled","ast-featured-img":"disabled","footer-sml-layout":"","ast-disable-related-posts":"","theme-transparent-header-meta":"enabled","adv-header-id-meta":"","stick-header-meta":"","header-above-stick-meta":"","header-main-stick-meta":"","header-below-stick-meta":"","astra-migrate-meta-layouts":"default","ast-page-background-enabled":"default","ast-page-background-meta":{"desktop":{"background-color":"","background-image":"","background-repeat":"repeat","background-position":"center center","background-size":"auto","background-attachment":"scroll","background-type":"","background-media":"","overlay-type":"","overlay-color":"","overlay-opacity":"","overlay-gradient":""},"tablet":{"background-color":"","background-image":"","background-repeat":"repeat","background-position":"center center","background-size":"auto","background-attachment":"scroll","background-type":"","background-media":"","overlay-type":"","overlay-color":"","overlay-opacity":"","overlay-gradient":""},"mobile":{"background-color":"","background-image":"","background-repeat":"repeat","background-position":"center center","background-size":"auto","background-attachment":"scroll","background-type":"","background-media":"","overlay-type":"","overlay-color":"","overlay-opacity":"","overlay-gradient":""}},"ast-content-background-meta":{"desktop":{"background-color":"var(--ast-global-color-5)","background-image":"","background-repeat":"repeat","background-position":"center center","background-size":"auto","background-attachment":"scroll","background-type":"","background-media":"","overlay-type":"","overlay-color":"","overlay-opacity":"","overlay-gradient":""},"tablet":{"background-color":"var(--ast-global-color-5)","background-image":"","background-repeat":"repeat","background-position":"center center","background-size":"auto","background-attachment":"scroll","background-type":"","background-media":"","overlay-type":"","overlay-color":"","overlay-opacity":"","overlay-gradient":""},"mobile":{"background-color":"var(--ast-global-color-5)","background-image":"","background-repeat":"repeat","background-position":"center center","background-size":"auto","background-attachment":"scroll","background-type":"","background-media":"","overlay-type":"","overlay-color":"","overlay-opacity":"","overlay-gradient":""}},"footnotes":""},"class_list":["post-2315","page","type-page","status-publish","hentry"],"yoast_head":"<!-- This site is optimized with the Yoast SEO plugin v23.4 - https:\/\/yoast.com\/wordpress\/plugins\/seo\/ -->\n<title>Biografie | Maarten Wilmink<\/title>\n<meta name=\"robots\" content=\"index, follow, max-snippet:-1, max-image-preview:large, max-video-preview:-1\" \/>\n<link rel=\"canonical\" href=\"https:\/\/maartenwilmink.com\/de\/biografie\/\" \/>\n<meta property=\"og:locale\" content=\"de_DE\" \/>\n<meta property=\"og:type\" content=\"article\" \/>\n<meta property=\"og:title\" content=\"Biografie | Maarten Wilmink\" \/>\n<meta property=\"og:description\" content=\"Biografie Curriculum vitae Maarten Wilmink werd geboren in 2001 en raakte op 12-jarige leeftijd gefascineerd door het orgel. Inmiddels voerde zijn concertagenda hem onder meer naar Duitsland, Frankrijk, Oostenrijk, Itali\u00eb [&hellip;]\" \/>\n<meta property=\"og:url\" content=\"https:\/\/maartenwilmink.com\/de\/biografie\/\" \/>\n<meta property=\"og:site_name\" content=\"Maarten Wilmink\" \/>\n<meta property=\"article:modified_time\" content=\"2026-01-20T14:28:57+00:00\" \/>\n<meta name=\"twitter:card\" content=\"summary_large_image\" \/>\n<meta name=\"twitter:label1\" content=\"Gesch\u00e4tzte Lesezeit\" \/>\n\t<meta name=\"twitter:data1\" content=\"2\u00a0Minuten\" \/>\n<script type=\"application\/ld+json\" class=\"yoast-schema-graph\">{\"@context\":\"https:\/\/schema.org\",\"@graph\":[{\"@type\":\"WebPage\",\"@id\":\"https:\/\/maartenwilmink.com\/biografie\/\",\"url\":\"https:\/\/maartenwilmink.com\/biografie\/\",\"name\":\"Biografie | Maarten Wilmink\",\"isPartOf\":{\"@id\":\"https:\/\/maartenwilmink.com\/nl\/#website\"},\"datePublished\":\"2025-12-15T15:57:42+00:00\",\"dateModified\":\"2026-01-20T14:28:57+00:00\",\"breadcrumb\":{\"@id\":\"https:\/\/maartenwilmink.com\/biografie\/#breadcrumb\"},\"inLanguage\":\"de\",\"potentialAction\":[{\"@type\":\"ReadAction\",\"target\":[\"https:\/\/maartenwilmink.com\/biografie\/\"]}]},{\"@type\":\"BreadcrumbList\",\"@id\":\"https:\/\/maartenwilmink.com\/biografie\/#breadcrumb\",\"itemListElement\":[{\"@type\":\"ListItem\",\"position\":1,\"name\":\"Home\",\"item\":\"https:\/\/maartenwilmink.com\/\"},{\"@type\":\"ListItem\",\"position\":2,\"name\":\"Biografie\"}]},{\"@type\":\"WebSite\",\"@id\":\"https:\/\/maartenwilmink.com\/nl\/#website\",\"url\":\"https:\/\/maartenwilmink.com\/nl\/\",\"name\":\"Maarten Wilmink\",\"description\":\"Organist\",\"publisher\":{\"@id\":\"https:\/\/maartenwilmink.com\/nl\/#organization\"},\"potentialAction\":[{\"@type\":\"SearchAction\",\"target\":{\"@type\":\"EntryPoint\",\"urlTemplate\":\"https:\/\/maartenwilmink.com\/nl\/?s={search_term_string}\"},\"query-input\":{\"@type\":\"PropertyValueSpecification\",\"valueRequired\":true,\"valueName\":\"search_term_string\"}}],\"inLanguage\":\"de\"},{\"@type\":\"Organization\",\"@id\":\"https:\/\/maartenwilmink.com\/nl\/#organization\",\"name\":\"Maarten Wilmink\",\"url\":\"https:\/\/maartenwilmink.com\/nl\/\",\"logo\":{\"@type\":\"ImageObject\",\"inLanguage\":\"de\",\"@id\":\"https:\/\/maartenwilmink.com\/nl\/#\/schema\/logo\/image\/\",\"url\":\"https:\/\/maartenwilmink.com\/wp-content\/uploads\/2020\/10\/Logo-Website-3-e1601913400311.png\",\"contentUrl\":\"https:\/\/maartenwilmink.com\/wp-content\/uploads\/2020\/10\/Logo-Website-3-e1601913400311.png\",\"width\":771,\"height\":255,\"caption\":\"Maarten Wilmink\"},\"image\":{\"@id\":\"https:\/\/maartenwilmink.com\/nl\/#\/schema\/logo\/image\/\"}}]}<\/script>\n<!-- \/ Yoast SEO plugin. -->","yoast_head_json":{"title":"Biografie | Maarten Wilmink","robots":{"index":"index","follow":"follow","max-snippet":"max-snippet:-1","max-image-preview":"max-image-preview:large","max-video-preview":"max-video-preview:-1"},"canonical":"https:\/\/maartenwilmink.com\/de\/biografie\/","og_locale":"de_DE","og_type":"article","og_title":"Biografie | Maarten Wilmink","og_description":"Biografie Curriculum vitae Maarten Wilmink werd geboren in 2001 en raakte op 12-jarige leeftijd gefascineerd door het orgel. Inmiddels voerde zijn concertagenda hem onder meer naar Duitsland, Frankrijk, Oostenrijk, Itali\u00eb [&hellip;]","og_url":"https:\/\/maartenwilmink.com\/de\/biografie\/","og_site_name":"Maarten Wilmink","article_modified_time":"2026-01-20T14:28:57+00:00","twitter_card":"summary_large_image","twitter_misc":{"Gesch\u00e4tzte Lesezeit":"2\u00a0Minuten"},"schema":{"@context":"https:\/\/schema.org","@graph":[{"@type":"WebPage","@id":"https:\/\/maartenwilmink.com\/biografie\/","url":"https:\/\/maartenwilmink.com\/biografie\/","name":"Biografie | Maarten Wilmink","isPartOf":{"@id":"https:\/\/maartenwilmink.com\/nl\/#website"},"datePublished":"2025-12-15T15:57:42+00:00","dateModified":"2026-01-20T14:28:57+00:00","breadcrumb":{"@id":"https:\/\/maartenwilmink.com\/biografie\/#breadcrumb"},"inLanguage":"de","potentialAction":[{"@type":"ReadAction","target":["https:\/\/maartenwilmink.com\/biografie\/"]}]},{"@type":"BreadcrumbList","@id":"https:\/\/maartenwilmink.com\/biografie\/#breadcrumb","itemListElement":[{"@type":"ListItem","position":1,"name":"Home","item":"https:\/\/maartenwilmink.com\/"},{"@type":"ListItem","position":2,"name":"Biografie"}]},{"@type":"WebSite","@id":"https:\/\/maartenwilmink.com\/nl\/#website","url":"https:\/\/maartenwilmink.com\/nl\/","name":"Maarten Wilmink","description":"Organist","publisher":{"@id":"https:\/\/maartenwilmink.com\/nl\/#organization"},"potentialAction":[{"@type":"SearchAction","target":{"@type":"EntryPoint","urlTemplate":"https:\/\/maartenwilmink.com\/nl\/?s={search_term_string}"},"query-input":{"@type":"PropertyValueSpecification","valueRequired":true,"valueName":"search_term_string"}}],"inLanguage":"de"},{"@type":"Organization","@id":"https:\/\/maartenwilmink.com\/nl\/#organization","name":"Maarten Wilmink","url":"https:\/\/maartenwilmink.com\/nl\/","logo":{"@type":"ImageObject","inLanguage":"de","@id":"https:\/\/maartenwilmink.com\/nl\/#\/schema\/logo\/image\/","url":"https:\/\/maartenwilmink.com\/wp-content\/uploads\/2020\/10\/Logo-Website-3-e1601913400311.png","contentUrl":"https:\/\/maartenwilmink.com\/wp-content\/uploads\/2020\/10\/Logo-Website-3-e1601913400311.png","width":771,"height":255,"caption":"Maarten Wilmink"},"image":{"@id":"https:\/\/maartenwilmink.com\/nl\/#\/schema\/logo\/image\/"}}]}},"_links":{"self":[{"href":"https:\/\/maartenwilmink.com\/de\/wp-json\/wp\/v2\/pages\/2315","targetHints":{"allow":["GET"]}}],"collection":[{"href":"https:\/\/maartenwilmink.com\/de\/wp-json\/wp\/v2\/pages"}],"about":[{"href":"https:\/\/maartenwilmink.com\/de\/wp-json\/wp\/v2\/types\/page"}],"author":[{"embeddable":true,"href":"https:\/\/maartenwilmink.com\/de\/wp-json\/wp\/v2\/users\/1"}],"replies":[{"embeddable":true,"href":"https:\/\/maartenwilmink.com\/de\/wp-json\/wp\/v2\/comments?post=2315"}],"version-history":[{"count":30,"href":"https:\/\/maartenwilmink.com\/de\/wp-json\/wp\/v2\/pages\/2315\/revisions"}],"predecessor-version":[{"id":2687,"href":"https:\/\/maartenwilmink.com\/de\/wp-json\/wp\/v2\/pages\/2315\/revisions\/2687"}],"wp:attachment":[{"href":"https:\/\/maartenwilmink.com\/de\/wp-json\/wp\/v2\/media?parent=2315"}],"curies":[{"name":"wp","href":"https:\/\/api.w.org\/{rel}","templated":true}]}}